{"id":684,"date":"2022-11-04T15:38:49","date_gmt":"2022-11-04T14:38:49","guid":{"rendered":"https:\/\/fahrschule-nonstop.at\/?page_id=684"},"modified":"2022-11-21T21:35:23","modified_gmt":"2022-11-21T20:35:23","slug":"motorrad-klasse-a1","status":"publish","type":"page","link":"https:\/\/fahrschule-nonstop.at\/en\/motorrad-klasse-a1\/","title":{"rendered":"Motorrad &#8211; Klasse A1"},"content":{"rendered":"<p><strong>Motorr\u00e4der<\/strong> bis max. 125 ccm und max. 11 KW Leistung sowie max. 0,1 KW\/kg Eigenmasse, <strong>3-r\u00e4drige KFZ<\/strong> bis 15 KW.<\/p>\n\n\n\n<div class=\"wp-block-columns is-layout-flex wp-container-core-columns-is-layout-9d6595d7 wp-block-columns-is-layout-flex\">\n<div class=\"wp-block-column is-layout-flow wp-block-column-is-layout-flow\">\n<h4 class=\"wp-block-heading\"><strong>Zur Anmeldung bitte mitbringen<\/strong><\/h4>\n\n\n\n<ul class=\"wp-block-list\">\n<li>Reisepass oder Personalausweis<\/li>\n\n\n\n<li>Austrian registration form<\/li>\n\n\n\n<li>EU-Passfoto<\/li>\n<\/ul>\n<\/div>\n\n\n\n<div class=\"wp-block-column is-layout-flow wp-block-column-is-layout-flow\">\n<h4 class=\"wp-block-heading\"><strong>Voraussetzungen<\/strong><\/h4>\n\n\n\n<ul class=\"wp-block-list\">\n<li>\u00c4rztliches Gutachten (Liste der zust\u00e4ndigen \u00c4rzte liegt im B\u00fcro auf)<\/li>\n\n\n\n<li>Mindestalter f\u00fcr die praktische Pr\u00fcfung: 16 Jahre (der Ausbildungsbeginn ist bereits ab 15 \u00bd Jahre m\u00f6glich)<\/li>\n<\/ul>\n<\/div>\n\n\n\n<div class=\"wp-block-column is-layout-flow wp-block-column-is-layout-flow\">\n<h4 class=\"wp-block-heading\"><strong>Umfang der Ausbildung<\/strong><\/h4>\n\n\n\n<p><strong>Theoriekurs:<\/strong><\/p>\n\n\n\n<ul class=\"wp-block-list\">\n<li>20 Unterrichtseinheiten \u201eModul Grundwissen\u201c (bei Ersterwerb)<\/li>\n\n\n\n<li>6 Unterrichtseinheiten \u201eModul Klasse A\u201c<\/li>\n<\/ul>\n\n\n\n<p><strong>Wird eine Unterrichtseinheit vers\u00e4umt, kann diese jederzeit gratis nachgeholt werden!<\/strong><\/p>\n\n\n\n<div class=\"wp-block-pb-accordion-item c-accordion__item js-accordion-item no-js\" data-initially-open=\"false\" data-click-to-close=\"true\" data-auto-close=\"true\" data-scroll=\"false\" data-scroll-offset=\"0\"><h2 id=\"at-6840\" class=\"c-accordion__title js-accordion-controller\" role=\"button\"><\/h2><div id=\"ac-6840\" class=\"c-accordion__content\">\n<p><strong>Praxis:<\/strong><\/p>\n\n\n\n<ul class=\"wp-block-list\">\n<li>14 Fahrlektionen, davon sind mindestens 10 Einheiten im Stra\u00dfenverkehr zu absolvieren<\/li>\n\n\n\n<li>Coronabedingt nur mit eigenem Helm und Handschuhen m\u00f6glich<\/li>\n<\/ul>\n\n\n\n<p><strong>Freie Terminvereinbarung!<\/strong><\/p>\n<\/div><\/div>\n<\/div>\n<\/div>\n\n\n\n<div class=\"wp-block-columns is-layout-flex wp-container-core-columns-is-layout-9d6595d7 wp-block-columns-is-layout-flex\">\n<div class=\"wp-block-column is-layout-flow wp-block-column-is-layout-flow\">\n<h4 class=\"wp-block-heading\"><strong>Die Pr\u00fcfung<\/strong><\/h4>\n\n\n\n<p>Die Theoriepr\u00fcfung kann nach Abschluss der theoretischen Ausbildung und nach Freigabe durch die Beh\u00f6rde am PC absolviert werden. Die praktische Pr\u00fcfung kann fr\u00fchestens mit 16 Jahren gemacht werden. <\/p>\n<\/div>\n\n\n\n<div class=\"wp-block-column is-layout-flow wp-block-column-is-layout-flow\">\n<h4 class=\"wp-block-heading\"><strong>Mehrphasenausbildung<\/strong><\/h4>\n\n\n\n<p>2 bis 12 Monate nach dem Erwerb des A1-F\u00fchrerscheins ist verpflichtend ein Fahrsicherheitstraining zu absolvieren. Mindestens 2 Monate danach muss eine Perfektionsfahrt in der Fahrschule (umfasst 2 Fahrlektionen) abgelegt werden!<\/p>\n<\/div>\n\n\n\n<div class=\"wp-block-column is-layout-flow wp-block-column-is-layout-flow\">\n<h4 class=\"wp-block-heading\"><strong>Erweiterung von A1 auf A2<\/strong><\/h4>\n\n\n\n<p>Die Erweiterung von A1 auf A2 ist m\u00f6glich, wenn nach 2 Jahren Besitz des F\u00fchrerscheins der Klasse A1 entweder eine praktische Fahrpr\u00fcfung mit einem Motorrad der Klasse A2 oder eine praktische Schulung von 7 Unterrichtseinheiten in der Fahrschule (dann ohne Pr\u00fcfung!) auf einem Motorrad der Klasse A2 absolviert wird. Kein weiteres Fahrsicherheitstraining vorgeschrieben!<\/p>\n<\/div>\n<\/div>\n\n\n\n<hr class=\"wp-block-separator alignwide has-alpha-channel-opacity is-style-wide\"\/>\n\n\n\n<h2 class=\"wp-block-heading\">Ihr NONSTOP-Ausbildungspaket umfasst folgende Leistungen:<\/h2>\n\n\n\n<ul class=\"wp-block-list\">\n<li>Einschreibgeb\u00fchr und Versicherung<\/li>\n\n\n\n<li>Theoriekurs<\/li>\n\n\n\n<li>Gratis Lernen an den PCs der Fahrschule NONSTOP<\/li>\n\n\n\n<li>14 Praxisstunden<\/li>\n\n\n\n<li>PC-Pr\u00fcfung<\/li>\n\n\n\n<li>Praktische Pr\u00fcfung<\/li>\n<\/ul>\n\n\n\n<h4 class=\"wp-block-heading\">-&gt; <a href=\"https:\/\/fahrschule-nonstop.at\/en\/kontakt\/\" data-type=\"page\" data-id=\"50\">Kontakt mit uns<\/a> &lt;-<\/h4>","protected":false},"excerpt":{"rendered":"<p>Motorr\u00e4der bis max. 125 ccm und max. 11 KW Leistung sowie max. 0,1 KW\/kg Eigenmasse, 3-r\u00e4drige KFZ bis 15 KW. Zur Anmeldung bitte mitbringen Voraussetzungen Umfang der Ausbildung Theoriekurs: Wird eine Unterrichtseinheit vers\u00e4umt, kann diese jederzeit gratis nachgeholt werden! Die Pr\u00fcfung Die Theoriepr\u00fcfung kann nach Abschluss der theoretischen Ausbildung und nach Freigabe durch die Beh\u00f6rde &hellip;<\/p>","protected":false},"author":1,"featured_media":0,"parent":0,"menu_order":0,"comment_status":"closed","ping_status":"closed","template":"","meta":{"footnotes":""},"class_list":["post-684","page","type-page","status-publish","hentry"],"_links":{"self":[{"href":"https:\/\/fahrschule-nonstop.at\/en\/wp-json\/wp\/v2\/pages\/684","targetHints":{"allow":["GET"]}}],"collection":[{"href":"https:\/\/fahrschule-nonstop.at\/en\/wp-json\/wp\/v2\/pages"}],"about":[{"href":"https:\/\/fahrschule-nonstop.at\/en\/wp-json\/wp\/v2\/types\/page"}],"author":[{"embeddable":true,"href":"https:\/\/fahrschule-nonstop.at\/en\/wp-json\/wp\/v2\/users\/1"}],"replies":[{"embeddable":true,"href":"https:\/\/fahrschule-nonstop.at\/en\/wp-json\/wp\/v2\/comments?post=684"}],"version-history":[{"count":3,"href":"https:\/\/fahrschule-nonstop.at\/en\/wp-json\/wp\/v2\/pages\/684\/revisions"}],"predecessor-version":[{"id":1012,"href":"https:\/\/fahrschule-nonstop.at\/en\/wp-json\/wp\/v2\/pages\/684\/revisions\/1012"}],"wp:attachment":[{"href":"https:\/\/fahrschule-nonstop.at\/en\/wp-json\/wp\/v2\/media?parent=684"}],"curies":[{"name":"wp","href":"https:\/\/api.w.org\/{rel}","templated":true}]}}